{"id":790,"date":"2025-10-02T12:00:56","date_gmt":"2025-10-02T15:00:56","guid":{"rendered":"https:\/\/aerovida.com\/?page_id=790"},"modified":"2025-10-30T15:21:53","modified_gmt":"2025-10-30T18:21:53","slug":"vuelos-internacionales","status":"publish","type":"page","link":"https:\/\/aerovida.com\/en\/vuelos-internacionales\/","title":{"rendered":"Vuelos sanitarios internacionales"},"content":{"rendered":"","protected":false},"excerpt":{"rendered":"","protected":false},"author":7,"featured_media":0,"parent":0,"menu_order":0,"comment_status":"closed","ping_status":"closed","template":"","meta":{"_joinchat":[],"footnotes":""},"class_list":["post-790","page","type-page","status-publish","hentry"],"yoast_head":"<!-- This site is optimized with the Yoast SEO plugin v27.6 - https:\/\/yoast.com\/product\/yoast-seo-wordpress\/ -->\n<title>Aerovida - Vuelos sanitarios<\/title>\n<meta name=\"description\" content=\"Traslados a\u00e9reos m\u00e9dicos. Alta complejidad m\u00e9dica, equipados como unidades de terapia intensiva. Pacientes adultos, pedi\u00e1tricos o neonatales.\" \/>\n<meta name=\"robots\" content=\"index, follow, max-snippet:-1, max-image-preview:large, max-video-preview:-1\" \/>\n<link rel=\"canonical\" href=\"https:\/\/aerovida.com\/en\/vuelos-internacionales\/\" \/>\n<meta property=\"og:locale\" content=\"en_GB\" \/>\n<meta property=\"og:type\" content=\"article\" \/>\n<meta property=\"og:title\" content=\"Aerovida - Vuelos sanitarios\" \/>\n<meta property=\"og:description\" content=\"Traslados a\u00e9reos m\u00e9dicos. Alta complejidad m\u00e9dica, equipados como unidades de terapia intensiva. Pacientes adultos, pedi\u00e1tricos o neonatales.\" \/>\n<meta property=\"og:url\" content=\"https:\/\/aerovida.com\/en\/vuelos-internacionales\/\" \/>\n<meta property=\"og:site_name\" content=\"Aerovida\" \/>\n<meta property=\"article:modified_time\" content=\"2025-10-30T18:21:53+00:00\" \/>\n<meta name=\"twitter:card\" content=\"summary_large_image\" \/>\n<script type=\"application\/ld+json\" class=\"yoast-schema-graph\">{\"@context\":\"https:\\\/\\\/schema.org\",\"@graph\":[{\"@type\":\"WebPage\",\"@id\":\"https:\\\/\\\/aerovida.com\\\/vuelos-internacionales\\\/\",\"url\":\"https:\\\/\\\/aerovida.com\\\/vuelos-internacionales\\\/\",\"name\":\"Aerovida - Vuelos sanitarios\",\"isPartOf\":{\"@id\":\"https:\\\/\\\/aerovida.com\\\/#website\"},\"datePublished\":\"2025-10-02T15:00:56+00:00\",\"dateModified\":\"2025-10-30T18:21:53+00:00\",\"description\":\"Traslados a\u00e9reos m\u00e9dicos. Alta complejidad m\u00e9dica, equipados como unidades de terapia intensiva. Pacientes adultos, pedi\u00e1tricos o neonatales.\",\"breadcrumb\":{\"@id\":\"https:\\\/\\\/aerovida.com\\\/vuelos-internacionales\\\/#breadcrumb\"},\"inLanguage\":\"en-GB\",\"potentialAction\":[{\"@type\":\"ReadAction\",\"target\":[\"https:\\\/\\\/aerovida.com\\\/vuelos-internacionales\\\/\"]}]},{\"@type\":\"BreadcrumbList\",\"@id\":\"https:\\\/\\\/aerovida.com\\\/vuelos-internacionales\\\/#breadcrumb\",\"itemListElement\":[{\"@type\":\"ListItem\",\"position\":1,\"name\":\"Inicio\",\"item\":\"https:\\\/\\\/aerovida.com\\\/\"},{\"@type\":\"ListItem\",\"position\":2,\"name\":\"Vuelos sanitarios internacionales\"}]},{\"@type\":\"WebSite\",\"@id\":\"https:\\\/\\\/aerovida.com\\\/#website\",\"url\":\"https:\\\/\\\/aerovida.com\\\/\",\"name\":\"aeovida.com\",\"description\":\"helitours, vuelos bautismo, bautismo helicoptero, paseos helicoptero, tours helicoptero, vuelos helicoptero, viajes helicoptero, sobrevuelos helicoptero, helicopteros buenos aires, helitours buenos aires, alquiler helicoptero, renta helicoptero, excursiones helicoptero, sobrevuelos buenos aires, sobrevuelos delta, sobrevuelos tigre, vuelos panoramicos, excursiones aereas, tours aereos, vuelos tigre, vuelos san fernando, piloto helicoptero, escuela de vuelo, curso helicoptero\",\"publisher\":{\"@id\":\"https:\\\/\\\/aerovida.com\\\/#organization\"},\"potentialAction\":[{\"@type\":\"SearchAction\",\"target\":{\"@type\":\"EntryPoint\",\"urlTemplate\":\"https:\\\/\\\/aerovida.com\\\/?s={search_term_string}\"},\"query-input\":{\"@type\":\"PropertyValueSpecification\",\"valueRequired\":true,\"valueName\":\"search_term_string\"}}],\"inLanguage\":\"en-GB\"},{\"@type\":\"Organization\",\"@id\":\"https:\\\/\\\/aerovida.com\\\/#organization\",\"name\":\"Aerovida\",\"url\":\"https:\\\/\\\/aerovida.com\\\/\",\"logo\":{\"@type\":\"ImageObject\",\"inLanguage\":\"en-GB\",\"@id\":\"https:\\\/\\\/aerovida.com\\\/#\\\/schema\\\/logo\\\/image\\\/\",\"url\":\"https:\\\/\\\/aerovida.com\\\/wp-content\\\/uploads\\\/2023\\\/10\\\/cropped-aerovida-logo-e1697654679583.jpg\",\"contentUrl\":\"https:\\\/\\\/aerovida.com\\\/wp-content\\\/uploads\\\/2023\\\/10\\\/cropped-aerovida-logo-e1697654679583.jpg\",\"width\":1215,\"height\":393,\"caption\":\"Aerovida\"},\"image\":{\"@id\":\"https:\\\/\\\/aerovida.com\\\/#\\\/schema\\\/logo\\\/image\\\/\"}}]}<\/script>\n<!-- \/ Yoast SEO plugin. -->","yoast_head_json":{"title":"Aerovida - Vuelos sanitarios","description":"Traslados a\u00e9reos m\u00e9dicos. Alta complejidad m\u00e9dica, equipados como unidades de terapia intensiva. Pacientes adultos, pedi\u00e1tricos o neonatales.","robots":{"index":"index","follow":"follow","max-snippet":"max-snippet:-1","max-image-preview":"max-image-preview:large","max-video-preview":"max-video-preview:-1"},"canonical":"https:\/\/aerovida.com\/en\/vuelos-internacionales\/","og_locale":"en_GB","og_type":"article","og_title":"Aerovida - Vuelos sanitarios","og_description":"Traslados a\u00e9reos m\u00e9dicos. Alta complejidad m\u00e9dica, equipados como unidades de terapia intensiva. Pacientes adultos, pedi\u00e1tricos o neonatales.","og_url":"https:\/\/aerovida.com\/en\/vuelos-internacionales\/","og_site_name":"Aerovida","article_modified_time":"2025-10-30T18:21:53+00:00","twitter_card":"summary_large_image","schema":{"@context":"https:\/\/schema.org","@graph":[{"@type":"WebPage","@id":"https:\/\/aerovida.com\/vuelos-internacionales\/","url":"https:\/\/aerovida.com\/vuelos-internacionales\/","name":"Aerovida - Vuelos sanitarios","isPartOf":{"@id":"https:\/\/aerovida.com\/#website"},"datePublished":"2025-10-02T15:00:56+00:00","dateModified":"2025-10-30T18:21:53+00:00","description":"Traslados a\u00e9reos m\u00e9dicos. Alta complejidad m\u00e9dica, equipados como unidades de terapia intensiva. Pacientes adultos, pedi\u00e1tricos o neonatales.","breadcrumb":{"@id":"https:\/\/aerovida.com\/vuelos-internacionales\/#breadcrumb"},"inLanguage":"en-GB","potentialAction":[{"@type":"ReadAction","target":["https:\/\/aerovida.com\/vuelos-internacionales\/"]}]},{"@type":"BreadcrumbList","@id":"https:\/\/aerovida.com\/vuelos-internacionales\/#breadcrumb","itemListElement":[{"@type":"ListItem","position":1,"name":"Inicio","item":"https:\/\/aerovida.com\/"},{"@type":"ListItem","position":2,"name":"Vuelos sanitarios internacionales"}]},{"@type":"WebSite","@id":"https:\/\/aerovida.com\/#website","url":"https:\/\/aerovida.com\/","name":"aeovida.com","description":"helitours, vuelos bautismo, bautismo helicoptero, paseos helicoptero, tours helicoptero, vuelos helicoptero, viajes helicoptero, sobrevuelos helicoptero, helicopteros buenos aires, helitours buenos aires, alquiler helicoptero, renta helicoptero, excursiones helicoptero, sobrevuelos buenos aires, sobrevuelos delta, sobrevuelos tigre, vuelos panoramicos, excursiones aereas, tours aereos, vuelos tigre, vuelos san fernando, piloto helicoptero, escuela de vuelo, curso helicoptero","publisher":{"@id":"https:\/\/aerovida.com\/#organization"},"potentialAction":[{"@type":"SearchAction","target":{"@type":"EntryPoint","urlTemplate":"https:\/\/aerovida.com\/?s={search_term_string}"},"query-input":{"@type":"PropertyValueSpecification","valueRequired":true,"valueName":"search_term_string"}}],"inLanguage":"en-GB"},{"@type":"Organization","@id":"https:\/\/aerovida.com\/#organization","name":"Aerovida","url":"https:\/\/aerovida.com\/","logo":{"@type":"ImageObject","inLanguage":"en-GB","@id":"https:\/\/aerovida.com\/#\/schema\/logo\/image\/","url":"https:\/\/aerovida.com\/wp-content\/uploads\/2023\/10\/cropped-aerovida-logo-e1697654679583.jpg","contentUrl":"https:\/\/aerovida.com\/wp-content\/uploads\/2023\/10\/cropped-aerovida-logo-e1697654679583.jpg","width":1215,"height":393,"caption":"Aerovida"},"image":{"@id":"https:\/\/aerovida.com\/#\/schema\/logo\/image\/"}}]}},"_links":{"self":[{"href":"https:\/\/aerovida.com\/en\/wp-json\/wp\/v2\/pages\/790","targetHints":{"allow":["GET"]}}],"collection":[{"href":"https:\/\/aerovida.com\/en\/wp-json\/wp\/v2\/pages"}],"about":[{"href":"https:\/\/aerovida.com\/en\/wp-json\/wp\/v2\/types\/page"}],"author":[{"embeddable":true,"href":"https:\/\/aerovida.com\/en\/wp-json\/wp\/v2\/users\/7"}],"replies":[{"embeddable":true,"href":"https:\/\/aerovida.com\/en\/wp-json\/wp\/v2\/comments?post=790"}],"version-history":[{"count":1,"href":"https:\/\/aerovida.com\/en\/wp-json\/wp\/v2\/pages\/790\/revisions"}],"predecessor-version":[{"id":806,"href":"https:\/\/aerovida.com\/en\/wp-json\/wp\/v2\/pages\/790\/revisions\/806"}],"wp:attachment":[{"href":"https:\/\/aerovida.com\/en\/wp-json\/wp\/v2\/media?parent=790"}],"curies":[{"name":"wp","href":"https:\/\/api.w.org\/{rel}","templated":true}]}}